{"id":48,"date":"2014-01-07T17:09:48","date_gmt":"2014-01-07T16:09:48","guid":{"rendered":"https:\/\/www.elogitrog.no\/?page_id=48"},"modified":"2015-06-03T12:22:49","modified_gmt":"2015-06-03T10:22:49","slug":"fagforening","status":"publish","type":"page","link":"https:\/\/www.elogitrog.no\/?page_id=48","title":{"rendered":"Fagforeninger"},"content":{"rendered":"<h2>Fagforeninger i EL &amp; IT Rogaland<\/h2>\n<p>&nbsp;<\/p>\n<h4>Rogaland Elektromont\u00f8rforening (Rele)<\/h4>\n<p>Rele organiserer alle medlemmer som utf\u00f8rer installasjon, vedlikehold av elektriske anlegg med tilh\u00f8rende anlegg for automatisering, data, telekommunikasjon og lignende, samt de medlemmer som arbeider med reparasjon og vedlikehold av elektriske\/elektroniske apparater og utstyr.<\/p>\n<p>Rele har et godt utbygd organisasjonsapparat med klubber p\u00e5 hver arbeidsplass som ivaretar medlemmene i deres arbeidssituasjon.<\/p>\n<p>Rogaland Elektromont\u00f8rforening har kontor i Stavanger og Haugesund med hele Rogaland fylke som ansvarsomr\u00e5de.<\/p>\n<p><img loading=\"lazy\" decoding=\"async\" class=\"  alignnone wp-image-611\" src=\"https:\/\/www.elogitrog.no\/wp-content\/uploads\/2014\/01\/1_rele_logo.png\" alt=\"rele\" width=\"200\" height=\"112\" srcset=\"https:\/\/www.elogitrog.no\/wp-content\/uploads\/2014\/01\/1_rele_logo.png 559w, https:\/\/www.elogitrog.no\/wp-content\/uploads\/2014\/01\/1_rele_logo-300x169.png 300w, https:\/\/www.elogitrog.no\/wp-content\/uploads\/2014\/01\/1_rele_logo-450x253.png 450w\" sizes=\"(max-width: 200px) 100vw, 200px\" \/><\/p>\n<p><a href=\"http:\/\/rele.no\/\" target=\"_blank\">Nettside<\/a><\/p>\n<h4>Heismont\u00f8renes Fagforening (HMF)<\/h4>\n<p>Ble stiftet i Oslo i 1930 og tilsluttet seg samtidig Norsk Elektriker- og Kraftstasjonsforbund (NEKF). HMF var raskt p\u00e5 banen med krav om egen tariffavtale, noe foreninga fikk kjempet igjennom i 1935. Samme \u00e5r ble det stiftet avdeling i Bergen.<\/p>\n<p>HMF har i dag 775 medlemmer, hvorav halvparten i Oslo.<br \/>\nVed starten i 1930 hadde HMF 50 medlemmer.<\/p>\n<p>HMF er en landsomfattende fagforening tilsluttet EL&amp;IT-Forbundet.<\/p>\n<p><a href=\"https:\/\/www.elogitrog.no\/wp-content\/uploads\/2014\/01\/HMF-logo-i-PNG.png\"><img loading=\"lazy\" decoding=\"async\" class=\"alignnone  wp-image-608\" src=\"https:\/\/www.elogitrog.no\/wp-content\/uploads\/2014\/01\/HMF-logo-i-PNG.png\" alt=\"HMF-logo i PNG\" width=\"200\" height=\"90\" srcset=\"https:\/\/www.elogitrog.no\/wp-content\/uploads\/2014\/01\/HMF-logo-i-PNG.png 602w, https:\/\/www.elogitrog.no\/wp-content\/uploads\/2014\/01\/HMF-logo-i-PNG-300x134.png 300w, https:\/\/www.elogitrog.no\/wp-content\/uploads\/2014\/01\/HMF-logo-i-PNG-450x201.png 450w\" sizes=\"(max-width: 200px) 100vw, 200px\" \/><\/a><\/p>\n<p><a href=\"http:\/\/www.heis.no\/\" target=\"_blank\">Nettside<\/a><\/p>\n","protected":false},"excerpt":{"rendered":"<p>Fagforeninger i EL &amp; IT Rogaland &nbsp; Rogaland Elektromont\u00f8rforening (Rele) Rele organiserer alle medlemmer som utf\u00f8rer installasjon, vedlikehold av elektriske anlegg med tilh\u00f8rende anlegg for automatisering, data, telekommunikasjon og lignende, samt de medlemmer som arbeider med reparasjon og vedlikehold av elektriske\/elektroniske apparater og utstyr. Rele har et godt utbygd organisasjonsapparat med klubber p\u00e5 hver arbeidsplass [&hellip;]<\/p>\n","protected":false},"author":1,"featured_media":0,"parent":0,"menu_order":0,"comment_status":"open","ping_status":"closed","template":"","meta":{"footnotes":"","_links_to":"","_links_to_target":""},"_links":{"self":[{"href":"https:\/\/www.elogitrog.no\/index.php?rest_route=\/wp\/v2\/pages\/48"}],"collection":[{"href":"https:\/\/www.elogitrog.no\/index.php?rest_route=\/wp\/v2\/pages"}],"about":[{"href":"https:\/\/www.elogitrog.no\/index.php?rest_route=\/wp\/v2\/types\/page"}],"author":[{"embeddable":true,"href":"https:\/\/www.elogitrog.no\/index.php?rest_route=\/wp\/v2\/users\/1"}],"replies":[{"embeddable":true,"href":"https:\/\/www.elogitrog.no\/index.php?rest_route=%2Fwp%2Fv2%2Fcomments&post=48"}],"version-history":[{"count":8,"href":"https:\/\/www.elogitrog.no\/index.php?rest_route=\/wp\/v2\/pages\/48\/revisions"}],"predecessor-version":[{"id":612,"href":"https:\/\/www.elogitrog.no\/index.php?rest_route=\/wp\/v2\/pages\/48\/revisions\/612"}],"wp:attachment":[{"href":"https:\/\/www.elogitrog.no\/index.php?rest_route=%2Fwp%2Fv2%2Fmedia&parent=48"}],"curies":[{"name":"wp","href":"https:\/\/api.w.org\/{rel}","templated":true}]}}