{"id":635,"date":"2015-06-12T09:36:09","date_gmt":"2015-06-12T07:36:09","guid":{"rendered":"https:\/\/www.elogitrog.no\/?page_id=635"},"modified":"2024-05-26T00:07:54","modified_gmt":"2024-05-25T22:07:54","slug":"hytte-pa-bersagel","status":"publish","type":"page","link":"https:\/\/www.elogitrog.no\/?page_id=635","title":{"rendered":"Hytte p\u00e5 Bersagel"},"content":{"rendered":"<p>&lt;p&gt;Hytte p\u00e5 Bersagel&lt;img class=&raquo;wp-image-2240 size-full alignnone&raquo; src=&raquo;https:\/\/www.elogitrog.no\/wp-content\/uploads\/2015\/06\/Hytter-bersagel-2017-2.jpg&raquo; alt=&raquo;&raquo; width=&raquo;704&#8243; height=&raquo;528&#8243; data-mce-src=&raquo;https:\/\/www.elogitrog.no\/wp-content\/uploads\/2015\/06\/Hytter-bersagel-2017-2.jpg&raquo; \/&gt;EL &amp; IT Klubb Relacom avd. Rogaland eier hytte p\u00e5 Bersagel som kan leies av alle EL &amp; IT medlemmer.Idyllisk beliggenhet med egen sandstrand. Best\u00e5r av 2 hytter som begge disponerer egne kanoer og b\u00e5t med \u00e5rer.16 sengeplasser totaltAdkomst: Det kan kj\u00f8res helt frem til hytteneS\u00f8knadsfrister:15. mai for leieperioden 15. juni til 15. september.&lt;br \/&gt;15. august for resten av \u00e5ret.&lt;\/p&gt;<br \/>\n&lt;h3 class=&raquo;3DMsoNormal&raquo;&gt;&lt;b&gt;&lt;i&gt;&lt;span style=&raquo;3d&#8217;font-size: 18.0pt;&raquo; data-mce-style=&raquo;3d&#8217;font-size: 18.0pt;&raquo;&gt;Utileiepriser&lt;\/span&gt;&lt;\/i&gt;&lt;\/b&gt;&lt;\/h3&gt;<br \/>\n&lt;h4&gt;&lt;strong&gt;H\u00f8ysesong&lt;\/strong&gt; fra 22\/6-17\/8. (f.o.m uke 26 t.o.m uke 33) Vinterferien, P\u00e5skeferien, Kr.Himmelfart og Pinse regnes som h\u00f8ysesong.&lt;\/h4&gt;<br \/>\n&lt;h4&gt;&lt;strong&gt;Mellomsesong&lt;\/strong&gt; gjelder hele perioden minus uke 26 t.o.m uke 33 og h\u00f8ytider&lt;\/h4&gt;<br \/>\n&lt;h3&gt;Strandheim eller Strandly&lt;\/h3&gt;<br \/>\n&lt;h4 class=&raquo;3DMsoNormal&raquo;&gt;H\u00f8ysesong&lt;\/h4&gt;<br \/>\n&lt;p class=&raquo;3DMsoNormal&raquo;&gt;Pr. uke 2300, ikke medlem 3500&lt;\/p&gt;<br \/>\n&lt;p class=&raquo;3DMsoNormal&raquo;&gt;Pr. Helg 900, ikke medlem 1300&lt;\/p&gt;<br \/>\n&lt;p class=&raquo;3DMsoNormal&raquo;&gt;Pr. Dag 500, ikke medlem 700&lt;\/p&gt;<br \/>\n&lt;h4 class=&raquo;3DMsoNormal&raquo;&gt;Mellomsesong&lt;\/h4&gt;<br \/>\n&lt;p class=&raquo;3DMsoNormal&raquo;&gt;Pr. uke 1300, ikke medlem 1800&lt;\/p&gt;<br \/>\n&lt;p class=&raquo;3DMsoNormal&raquo;&gt;Pr. Helg 700, ikke medlem 900&lt;\/p&gt;<br \/>\n&lt;p class=&raquo;3DMsoNormal&raquo;&gt;Pr. Dag 400, ikke medlem 500&lt;\/p&gt;<br \/>\n&lt;h4 class=&raquo;3DMsoNormal&raquo;&gt;&lt;b&gt;&lt;i&gt;&lt;span style=&raquo;3d&#8217;font-size: 16.0pt;&raquo; data-mce-style=&raquo;3d&#8217;font-size: 16.0pt;&raquo;&gt;Skoleklasser og Barnehager betaler kr.50,- pr.barn pr.overnatting + Dagsleie.&lt;\/span&gt;&lt;\/i&gt;&lt;\/b&gt;&lt;\/h4&gt;<br \/>\n&lt;h4 class=&raquo;3DMsoNormal&raquo;&gt;&lt;\/h4&gt;<br \/>\n&lt;p&gt;FasiliteterBalkong\/terasse&lt;br \/&gt;Bilvei&lt;br \/&gt;B\u00e5tplass&lt;br \/&gt;Dusj&lt;br \/&gt;Innlagt vann&lt;br \/&gt;Kj\u00f8leskap&lt;br \/&gt;Kokeplater&lt;br \/&gt;Peis\/vedovn&lt;br \/&gt;Str\u00f8m&lt;br \/&gt;TV&lt;br \/&gt;Toalett: WC&lt;br \/&gt;Ant. Soverom: 3 pr hytte&lt;br \/&gt;Ant. Sengeplasser: 6 pr hytteKontaktperson&lt;a href=&raquo;mailto:ellen.erland@telenor.no&raquo; data-mce-href=&raquo;mailto:ellen.erland@telenor.no&raquo;&gt;Ellen Erland&lt;\/a&gt;&lt;\/p&gt;<\/p>\n","protected":false},"excerpt":{"rendered":"<p>&lt;p&gt;Hytte p\u00e5 Bersagel&lt;img class=&raquo;wp-image-2240 size-full alignnone&raquo; src=&raquo;https:\/\/www.elogitrog.no\/wp-content\/uploads\/2015\/06\/Hytter-bersagel-2017-2.jpg&raquo; alt=&raquo;&raquo; width=&raquo;704&#8243; height=&raquo;528&#8243; data-mce-src=&raquo;https:\/\/www.elogitrog.no\/wp-content\/uploads\/2015\/06\/Hytter-bersagel-2017-2.jpg&raquo; \/&gt;EL &amp; IT Klubb Relacom avd. Rogaland eier hytte p\u00e5 Bersagel som kan leies av alle EL &amp; IT medlemmer.Idyllisk beliggenhet med egen sandstrand. Best\u00e5r av 2 hytter som begge disponerer egne kanoer og b\u00e5t med \u00e5rer.16 sengeplasser totaltAdkomst: Det kan kj\u00f8res helt frem [&hellip;]<\/p>\n","protected":false},"author":2,"featured_media":0,"parent":0,"menu_order":0,"comment_status":"open","ping_status":"closed","template":"","meta":{"footnotes":"","_links_to":"","_links_to_target":""},"_links":{"self":[{"href":"https:\/\/www.elogitrog.no\/index.php?rest_route=\/wp\/v2\/pages\/635"}],"collection":[{"href":"https:\/\/www.elogitrog.no\/index.php?rest_route=\/wp\/v2\/pages"}],"about":[{"href":"https:\/\/www.elogitrog.no\/index.php?rest_route=\/wp\/v2\/types\/page"}],"author":[{"embeddable":true,"href":"https:\/\/www.elogitrog.no\/index.php?rest_route=\/wp\/v2\/users\/2"}],"replies":[{"embeddable":true,"href":"https:\/\/www.elogitrog.no\/index.php?rest_route=%2Fwp%2Fv2%2Fcomments&post=635"}],"version-history":[{"count":8,"href":"https:\/\/www.elogitrog.no\/index.php?rest_route=\/wp\/v2\/pages\/635\/revisions"}],"predecessor-version":[{"id":2306,"href":"https:\/\/www.elogitrog.no\/index.php?rest_route=\/wp\/v2\/pages\/635\/revisions\/2306"}],"wp:attachment":[{"href":"https:\/\/www.elogitrog.no\/index.php?rest_route=%2Fwp%2Fv2%2Fmedia&parent=635"}],"curies":[{"name":"wp","href":"https:\/\/api.w.org\/{rel}","templated":true}]}}